{"id":3,"date":"2025-12-12T15:33:40","date_gmt":"2025-12-12T14:33:40","guid":{"rendered":"https:\/\/dev.csinta.hu\/?page_id=3"},"modified":"2026-01-20T09:12:35","modified_gmt":"2026-01-20T08:12:35","slug":"adatkezelesi-tajekoztato","status":"publish","type":"page","link":"https:\/\/dev.csinta.hu\/en\/adatkezelesi-tajekoztato\/","title":{"rendered":"Privacy notice"},"content":{"rendered":"<div data-elementor-type=\"wp-page\" data-elementor-id=\"3\" class=\"elementor elementor-3\" data-elementor-post-type=\"page\">\n\t\t\t\t<div class=\"elementor-element elementor-element-a709a89 e-flex e-con-boxed e-con e-parent\" data-id=\"a709a89\" data-element_type=\"container\" data-e-type=\"container\">\n\t\t\t\t\t<div class=\"e-con-inner\">\n\t\t\t\t<div class=\"elementor-element elementor-element-d960f15 elementor-widget elementor-widget-menu-anchor\" data-id=\"d960f15\" data-element_type=\"widget\" data-e-type=\"widget\" data-widget_type=\"menu-anchor.default\">\n\t\t\t\t\t\t\t<div class=\"elementor-menu-anchor\" id=\"adatkezelesi-tajekoztato\"><\/div>\n\t\t\t\t\t\t<\/div>\n\t\t<div class=\"elementor-element elementor-element-8ae365f e-con-full e-flex e-con e-child\" data-id=\"8ae365f\" data-element_type=\"container\" data-e-type=\"container\">\n\t\t\t\t<div class=\"elementor-element elementor-element-d6cb29f elementor-widget elementor-widget-heading\" data-id=\"d6cb29f\" data-element_type=\"widget\" data-e-type=\"widget\" data-widget_type=\"heading.default\">\n\t\t\t\t\t<h2 class=\"elementor-heading-title elementor-size-default\">Privacy notice<\/h2>\t\t\t\t<\/div>\n\t\t\t\t<div class=\"elementor-element elementor-element-6657c5b elementor-widget elementor-widget-button\" data-id=\"6657c5b\" data-element_type=\"widget\" data-e-type=\"widget\" data-widget_type=\"button.default\">\n\t\t\t\t\t\t\t\t\t\t<a class=\"elementor-button elementor-button-link elementor-size-sm\" href=\"\/wp-content\/uploads\/2026\/01\/Csinta-hu-Adatkezelesi-tajekoztato-v2.pdf\" target=\"_blank\">\n\t\t\t\t\t\t<span class=\"elementor-button-content-wrapper\">\n\t\t\t\t\t\t<span class=\"elementor-button-icon\">\n\t\t\t\t<svg xmlns=\"http:\/\/www.w3.org\/2000\/svg\" width=\"46\" height=\"25\" viewbox=\"0 0 46 25\" fill=\"none\"><path d=\"M22.577 10.3291C25.094 10.1085 27.6274 10.0018 30.2462 10.0953C32.5577 10.1778 35.624 10.2356 37.9155 10.2824C35.7644 8.27156 33.3326 5.30527 32.2571 2.84701C31.2751 0.60238 33.7068 -0.894096 34.8759 0.602379C36.2293 2.33477 37.2819 4.01991 39.0846 5.98019C41.2316 8.31485 42.4983 9.44066 44.3689 11.4047C45.5851 12.6817 46.2561 13.9067 43.9948 15.5667C41.72 16.9463 38.3832 18.8869 36.3255 21.3186C34.9344 22.9626 33.7068 25.5741 31.8362 24.0777C30.8496 23.2884 31.6833 20.5497 33.4479 18.4961C35.7643 15.8005 38.2408 14.4441 38.2428 14.4444C33.1455 14.3509 28.8433 14.117 23.9967 13.7212C23.0427 13.6433 21.8612 13.7897 21.1144 13.0794C19.7153 11.7487 21.2895 10.4419 22.577 10.3291ZM14.9078 9.34709C15.4127 9.11244 16.032 8.96639 16.5939 9.10797C17.9092 9.43939 18.4814 11.3737 18.3348 12.5462C18.2146 13.5064 17.5006 14.0065 16.5748 14.1206C15.36 14.2703 14.5828 13.4767 14.2532 12.5504C13.9138 11.5967 13.694 9.9113 14.9078 9.34709ZM7.96339 9.32372C9.08937 8.82557 10.144 9.68417 10.6398 10.4753C11.3043 11.5352 11.3942 12.9564 10.3581 13.8579C9.51546 14.5912 7.84467 14.0542 7.47232 13.2518C6.94869 12.1233 6.2461 10.0838 7.96339 9.32372ZM0.00184631 11.1124C0.0369453 9.70948 1.34923 8.92142 2.15366 8.99525C3.43895 9.1132 4.5262 10.1303 4.42099 11.7788C4.34488 12.9709 3.26361 13.8832 1.82561 13.8481C0.417053 13.8137 -0.0324135 12.4838 0.00184631 11.1124Z\" fill=\"white\"><\/path><\/svg>\t\t\t<\/span>\n\t\t\t\t\t\t\t\t\t<span class=\"elementor-button-text\">Let\u00f6lt\u00f6m<\/span>\n\t\t\t\t\t<\/span>\n\t\t\t\t\t<\/a>\n\t\t\t\t\t\t\t\t<\/div>\n\t\t\t\t<\/div>\n\t\t\t\t\t<\/div>\n\t\t\t\t<\/div>\n\t\t<div class=\"elementor-element elementor-element-7d3beb4 e-flex e-con-boxed e-con e-parent\" data-id=\"7d3beb4\" data-element_type=\"container\" data-e-type=\"container\">\n\t\t\t\t\t<div class=\"e-con-inner\">\n\t\t<div class=\"elementor-element elementor-element-2fa6c8b e-con-full e-flex e-con e-child\" data-id=\"2fa6c8b\" data-element_type=\"container\" data-e-type=\"container\">\n\t\t\t\t<div class=\"elementor-element elementor-element-d732910 elementor-widget elementor-widget-image\" data-id=\"d732910\" data-element_type=\"widget\" data-e-type=\"widget\" data-widget_type=\"image.default\">\n\t\t\t\t\t\t\t\t\t\t\t\t\t\t\t<img decoding=\"async\" width=\"488\" height=\"28\" src=\"https:\/\/dev.csinta.hu\/wp-content\/uploads\/2026\/01\/seed-pattern-short.svg\" class=\"attachment-full size-full wp-image-256\" alt=\"\" \/>\t\t\t\t\t\t\t\t\t\t\t\t\t\t\t<\/div>\n\t\t\t\t<div class=\"elementor-element elementor-element-9865aec elementor-hidden-mobile elementor-widget elementor-widget-image\" data-id=\"9865aec\" data-element_type=\"widget\" data-e-type=\"widget\" data-widget_type=\"image.default\">\n\t\t\t\t\t\t\t\t\t\t\t\t\t\t\t<img decoding=\"async\" width=\"488\" height=\"28\" src=\"https:\/\/dev.csinta.hu\/wp-content\/uploads\/2026\/01\/seed-pattern-short.svg\" class=\"attachment-full size-full wp-image-256\" alt=\"\" \/>\t\t\t\t\t\t\t\t\t\t\t\t\t\t\t<\/div>\n\t\t\t\t<\/div>\n\t\t\t\t\t<\/div>\n\t\t\t\t<\/div>\n\t\t<div class=\"elementor-element elementor-element-4e5675f e-flex e-con-boxed e-con e-parent\" data-id=\"4e5675f\" data-element_type=\"container\" data-e-type=\"container\">\n\t\t\t\t\t<div class=\"e-con-inner\">\n\t\t\t\t<div class=\"elementor-element elementor-element-4d39b87 elementor-widget elementor-widget-menu-anchor\" data-id=\"4d39b87\" data-element_type=\"widget\" data-e-type=\"widget\" data-widget_type=\"menu-anchor.default\">\n\t\t\t\t\t\t\t<div class=\"elementor-menu-anchor\" id=\"aszf\"><\/div>\n\t\t\t\t\t\t<\/div>\n\t\t<div class=\"elementor-element elementor-element-d90db9b e-con-full e-flex e-con e-child\" data-id=\"d90db9b\" data-element_type=\"container\" data-e-type=\"container\">\n\t\t\t\t<div class=\"elementor-element elementor-element-28c99b7 elementor-widget elementor-widget-heading\" data-id=\"28c99b7\" data-element_type=\"widget\" data-e-type=\"widget\" data-widget_type=\"heading.default\">\n\t\t\t\t\t<h2 class=\"elementor-heading-title elementor-size-default\">\u00c1ltal\u00e1nos Szerz\u0151d\u00e9si Felt\u00e9telek<\/h2>\t\t\t\t<\/div>\n\t\t\t\t<div class=\"elementor-element elementor-element-7510050 elementor-widget elementor-widget-button\" data-id=\"7510050\" data-element_type=\"widget\" data-e-type=\"widget\" data-widget_type=\"button.default\">\n\t\t\t\t\t\t\t\t\t\t<a class=\"elementor-button elementor-button-link elementor-size-sm\" href=\"\/wp-content\/uploads\/2026\/01\/Csinta.hu-ASZF-v5.pdf\" target=\"_blank\">\n\t\t\t\t\t\t<span class=\"elementor-button-content-wrapper\">\n\t\t\t\t\t\t<span class=\"elementor-button-icon\">\n\t\t\t\t<svg xmlns=\"http:\/\/www.w3.org\/2000\/svg\" width=\"46\" height=\"25\" viewbox=\"0 0 46 25\" fill=\"none\"><path d=\"M22.577 10.3291C25.094 10.1085 27.6274 10.0018 30.2462 10.0953C32.5577 10.1778 35.624 10.2356 37.9155 10.2824C35.7644 8.27156 33.3326 5.30527 32.2571 2.84701C31.2751 0.60238 33.7068 -0.894096 34.8759 0.602379C36.2293 2.33477 37.2819 4.01991 39.0846 5.98019C41.2316 8.31485 42.4983 9.44066 44.3689 11.4047C45.5851 12.6817 46.2561 13.9067 43.9948 15.5667C41.72 16.9463 38.3832 18.8869 36.3255 21.3186C34.9344 22.9626 33.7068 25.5741 31.8362 24.0777C30.8496 23.2884 31.6833 20.5497 33.4479 18.4961C35.7643 15.8005 38.2408 14.4441 38.2428 14.4444C33.1455 14.3509 28.8433 14.117 23.9967 13.7212C23.0427 13.6433 21.8612 13.7897 21.1144 13.0794C19.7153 11.7487 21.2895 10.4419 22.577 10.3291ZM14.9078 9.34709C15.4127 9.11244 16.032 8.96639 16.5939 9.10797C17.9092 9.43939 18.4814 11.3737 18.3348 12.5462C18.2146 13.5064 17.5006 14.0065 16.5748 14.1206C15.36 14.2703 14.5828 13.4767 14.2532 12.5504C13.9138 11.5967 13.694 9.9113 14.9078 9.34709ZM7.96339 9.32372C9.08937 8.82557 10.144 9.68417 10.6398 10.4753C11.3043 11.5352 11.3942 12.9564 10.3581 13.8579C9.51546 14.5912 7.84467 14.0542 7.47232 13.2518C6.94869 12.1233 6.2461 10.0838 7.96339 9.32372ZM0.00184631 11.1124C0.0369453 9.70948 1.34923 8.92142 2.15366 8.99525C3.43895 9.1132 4.5262 10.1303 4.42099 11.7788C4.34488 12.9709 3.26361 13.8832 1.82561 13.8481C0.417053 13.8137 -0.0324135 12.4838 0.00184631 11.1124Z\" fill=\"white\"><\/path><\/svg>\t\t\t<\/span>\n\t\t\t\t\t\t\t\t\t<span class=\"elementor-button-text\">Let\u00f6lt\u00f6m<\/span>\n\t\t\t\t\t<\/span>\n\t\t\t\t\t<\/a>\n\t\t\t\t\t\t\t\t<\/div>\n\t\t\t\t<\/div>\n\t\t\t\t\t<\/div>\n\t\t\t\t<\/div>\n\t\t\t\t<\/div>","protected":false},"excerpt":{"rendered":"<p>Adatkezel\u00e9si t\u00e1j\u00e9koztat\u00f3 Let\u00f6lt\u00f6m \u00c1ltal\u00e1nos Szerz\u0151d\u00e9si Felt\u00e9telek Let\u00f6lt\u00f6m<\/p>","protected":false},"author":1,"featured_media":0,"parent":0,"menu_order":0,"comment_status":"closed","ping_status":"open","template":"","meta":{"footnotes":""},"class_list":["post-3","page","type-page","status-publish","hentry"],"yoast_head":"<!-- This site is optimized with the Yoast SEO Premium plugin v27.2 (Yoast SEO v27.2) - https:\/\/yoast.com\/product\/yoast-seo-premium-wordpress\/ -->\n<title>Adatkezel\u00e9si t\u00e1j\u00e9koztat\u00f3 - Csinta - Csak gy\u00fcm\u00f6lcs snack<\/title>\n<meta name=\"robots\" content=\"noindex, follow, max-snippet:-1, max-image-preview:large, max-video-preview:-1\" \/>\n<meta property=\"og:locale\" content=\"en_US\" \/>\n<meta property=\"og:type\" content=\"article\" \/>\n<meta property=\"og:title\" content=\"Adatkezel\u00e9si t\u00e1j\u00e9koztat\u00f3\" \/>\n<meta property=\"og:description\" content=\"Adatkezel\u00e9si t\u00e1j\u00e9koztat\u00f3 Let\u00f6lt\u00f6m \u00c1ltal\u00e1nos Szerz\u0151d\u00e9si Felt\u00e9telek Let\u00f6lt\u00f6m\" \/>\n<meta property=\"og:url\" content=\"https:\/\/dev.csinta.hu\/en\/adatkezelesi-tajekoztato\/\" \/>\n<meta property=\"og:site_name\" content=\"Csinta - Csak gy\u00fcm\u00f6lcs snack\" \/>\n<meta property=\"article:modified_time\" content=\"2026-01-20T08:12:35+00:00\" \/>\n<meta name=\"twitter:card\" content=\"summary_large_image\" \/>\n<meta name=\"twitter:label1\" content=\"Est. reading time\" \/>\n\t<meta name=\"twitter:data1\" content=\"1 minute\" \/>\n<script type=\"application\/ld+json\" class=\"yoast-schema-graph\">{\"@context\":\"https:\/\/schema.org\",\"@graph\":[{\"@type\":\"WebPage\",\"@id\":\"https:\/\/dev.csinta.hu\/adatkezelesi-tajekoztato\/\",\"url\":\"https:\/\/dev.csinta.hu\/adatkezelesi-tajekoztato\/\",\"name\":\"Adatkezel\u00e9si t\u00e1j\u00e9koztat\u00f3 - Csinta - Csak gy\u00fcm\u00f6lcs snack\",\"isPartOf\":{\"@id\":\"https:\/\/dev.csinta.hu\/#website\"},\"primaryImageOfPage\":{\"@id\":\"https:\/\/dev.csinta.hu\/adatkezelesi-tajekoztato\/#primaryimage\"},\"image\":{\"@id\":\"https:\/\/dev.csinta.hu\/adatkezelesi-tajekoztato\/#primaryimage\"},\"thumbnailUrl\":\"https:\/\/dev.csinta.hu\/wp-content\/uploads\/2026\/01\/seed-pattern-short.svg\",\"datePublished\":\"2025-12-12T14:33:40+00:00\",\"dateModified\":\"2026-01-20T08:12:35+00:00\",\"breadcrumb\":{\"@id\":\"https:\/\/dev.csinta.hu\/adatkezelesi-tajekoztato\/#breadcrumb\"},\"inLanguage\":\"en-US\",\"potentialAction\":[{\"@type\":\"ReadAction\",\"target\":[\"https:\/\/dev.csinta.hu\/adatkezelesi-tajekoztato\/\"]}]},{\"@type\":\"ImageObject\",\"inLanguage\":\"en-US\",\"@id\":\"https:\/\/dev.csinta.hu\/adatkezelesi-tajekoztato\/#primaryimage\",\"url\":\"https:\/\/dev.csinta.hu\/wp-content\/uploads\/2026\/01\/seed-pattern-short.svg\",\"contentUrl\":\"https:\/\/dev.csinta.hu\/wp-content\/uploads\/2026\/01\/seed-pattern-short.svg\"},{\"@type\":\"BreadcrumbList\",\"@id\":\"https:\/\/dev.csinta.hu\/adatkezelesi-tajekoztato\/#breadcrumb\",\"itemListElement\":[{\"@type\":\"ListItem\",\"position\":1,\"name\":\"Kezd\u0151lap\",\"item\":\"https:\/\/dev.csinta.hu\/\"},{\"@type\":\"ListItem\",\"position\":2,\"name\":\"Adatkezel\u00e9si t\u00e1j\u00e9koztat\u00f3\"}]},{\"@type\":\"WebSite\",\"@id\":\"https:\/\/dev.csinta.hu\/#website\",\"url\":\"https:\/\/dev.csinta.hu\/\",\"name\":\"Csinta - Csak gy\u00fcm\u00f6lcs snack\",\"description\":\"\",\"publisher\":{\"@id\":\"https:\/\/dev.csinta.hu\/#organization\"},\"potentialAction\":[{\"@type\":\"SearchAction\",\"target\":{\"@type\":\"EntryPoint\",\"urlTemplate\":\"https:\/\/dev.csinta.hu\/?s={search_term_string}\"},\"query-input\":{\"@type\":\"PropertyValueSpecification\",\"valueRequired\":true,\"valueName\":\"search_term_string\"}}],\"inLanguage\":\"en-US\"},{\"@type\":\"Organization\",\"@id\":\"https:\/\/dev.csinta.hu\/#organization\",\"name\":\"Csinta - Csak gy\u00fcm\u00f6lcs snack\",\"url\":\"https:\/\/dev.csinta.hu\/\",\"logo\":{\"@type\":\"ImageObject\",\"inLanguage\":\"en-US\",\"@id\":\"https:\/\/dev.csinta.hu\/#\/schema\/logo\/image\/\",\"url\":\"https:\/\/dev.csinta.hu\/wp-content\/uploads\/2025\/12\/csinta-logo.svg\",\"contentUrl\":\"https:\/\/dev.csinta.hu\/wp-content\/uploads\/2025\/12\/csinta-logo.svg\",\"width\":604,\"height\":212,\"caption\":\"Csinta - Csak gy\u00fcm\u00f6lcs snack\"},\"image\":{\"@id\":\"https:\/\/dev.csinta.hu\/#\/schema\/logo\/image\/\"}}]}<\/script>\n<!-- \/ Yoast SEO Premium plugin. -->","yoast_head_json":{"title":"Adatkezel\u00e9si t\u00e1j\u00e9koztat\u00f3 - Csinta - Csak gy\u00fcm\u00f6lcs snack","robots":{"index":"noindex","follow":"follow","max-snippet":"max-snippet:-1","max-image-preview":"max-image-preview:large","max-video-preview":"max-video-preview:-1"},"og_locale":"en_US","og_type":"article","og_title":"Adatkezel\u00e9si t\u00e1j\u00e9koztat\u00f3","og_description":"Adatkezel\u00e9si t\u00e1j\u00e9koztat\u00f3 Let\u00f6lt\u00f6m \u00c1ltal\u00e1nos Szerz\u0151d\u00e9si Felt\u00e9telek Let\u00f6lt\u00f6m","og_url":"https:\/\/dev.csinta.hu\/en\/adatkezelesi-tajekoztato\/","og_site_name":"Csinta - Csak gy\u00fcm\u00f6lcs snack","article_modified_time":"2026-01-20T08:12:35+00:00","twitter_card":"summary_large_image","twitter_misc":{"Est. reading time":"1 minute"},"schema":{"@context":"https:\/\/schema.org","@graph":[{"@type":"WebPage","@id":"https:\/\/dev.csinta.hu\/adatkezelesi-tajekoztato\/","url":"https:\/\/dev.csinta.hu\/adatkezelesi-tajekoztato\/","name":"Adatkezel\u00e9si t\u00e1j\u00e9koztat\u00f3 - Csinta - Csak gy\u00fcm\u00f6lcs snack","isPartOf":{"@id":"https:\/\/dev.csinta.hu\/#website"},"primaryImageOfPage":{"@id":"https:\/\/dev.csinta.hu\/adatkezelesi-tajekoztato\/#primaryimage"},"image":{"@id":"https:\/\/dev.csinta.hu\/adatkezelesi-tajekoztato\/#primaryimage"},"thumbnailUrl":"https:\/\/dev.csinta.hu\/wp-content\/uploads\/2026\/01\/seed-pattern-short.svg","datePublished":"2025-12-12T14:33:40+00:00","dateModified":"2026-01-20T08:12:35+00:00","breadcrumb":{"@id":"https:\/\/dev.csinta.hu\/adatkezelesi-tajekoztato\/#breadcrumb"},"inLanguage":"en-US","potentialAction":[{"@type":"ReadAction","target":["https:\/\/dev.csinta.hu\/adatkezelesi-tajekoztato\/"]}]},{"@type":"ImageObject","inLanguage":"en-US","@id":"https:\/\/dev.csinta.hu\/adatkezelesi-tajekoztato\/#primaryimage","url":"https:\/\/dev.csinta.hu\/wp-content\/uploads\/2026\/01\/seed-pattern-short.svg","contentUrl":"https:\/\/dev.csinta.hu\/wp-content\/uploads\/2026\/01\/seed-pattern-short.svg"},{"@type":"BreadcrumbList","@id":"https:\/\/dev.csinta.hu\/adatkezelesi-tajekoztato\/#breadcrumb","itemListElement":[{"@type":"ListItem","position":1,"name":"Kezd\u0151lap","item":"https:\/\/dev.csinta.hu\/"},{"@type":"ListItem","position":2,"name":"Adatkezel\u00e9si t\u00e1j\u00e9koztat\u00f3"}]},{"@type":"WebSite","@id":"https:\/\/dev.csinta.hu\/#website","url":"https:\/\/dev.csinta.hu\/","name":"Csinta - Csak gy\u00fcm\u00f6lcs snack","description":"","publisher":{"@id":"https:\/\/dev.csinta.hu\/#organization"},"potentialAction":[{"@type":"SearchAction","target":{"@type":"EntryPoint","urlTemplate":"https:\/\/dev.csinta.hu\/?s={search_term_string}"},"query-input":{"@type":"PropertyValueSpecification","valueRequired":true,"valueName":"search_term_string"}}],"inLanguage":"en-US"},{"@type":"Organization","@id":"https:\/\/dev.csinta.hu\/#organization","name":"Csinta - Csak gy\u00fcm\u00f6lcs snack","url":"https:\/\/dev.csinta.hu\/","logo":{"@type":"ImageObject","inLanguage":"en-US","@id":"https:\/\/dev.csinta.hu\/#\/schema\/logo\/image\/","url":"https:\/\/dev.csinta.hu\/wp-content\/uploads\/2025\/12\/csinta-logo.svg","contentUrl":"https:\/\/dev.csinta.hu\/wp-content\/uploads\/2025\/12\/csinta-logo.svg","width":604,"height":212,"caption":"Csinta - Csak gy\u00fcm\u00f6lcs snack"},"image":{"@id":"https:\/\/dev.csinta.hu\/#\/schema\/logo\/image\/"}}]}},"_links":{"self":[{"href":"https:\/\/dev.csinta.hu\/en\/wp-json\/wp\/v2\/pages\/3","targetHints":{"allow":["GET"]}}],"collection":[{"href":"https:\/\/dev.csinta.hu\/en\/wp-json\/wp\/v2\/pages"}],"about":[{"href":"https:\/\/dev.csinta.hu\/en\/wp-json\/wp\/v2\/types\/page"}],"author":[{"embeddable":true,"href":"https:\/\/dev.csinta.hu\/en\/wp-json\/wp\/v2\/users\/1"}],"replies":[{"embeddable":true,"href":"https:\/\/dev.csinta.hu\/en\/wp-json\/wp\/v2\/comments?post=3"}],"version-history":[{"count":10,"href":"https:\/\/dev.csinta.hu\/en\/wp-json\/wp\/v2\/pages\/3\/revisions"}],"predecessor-version":[{"id":1054,"href":"https:\/\/dev.csinta.hu\/en\/wp-json\/wp\/v2\/pages\/3\/revisions\/1054"}],"wp:attachment":[{"href":"https:\/\/dev.csinta.hu\/en\/wp-json\/wp\/v2\/media?parent=3"}],"curies":[{"name":"wp","href":"https:\/\/api.w.org\/{rel}","templated":true}]}}